{"id":289,"date":"2018-10-31T10:19:08","date_gmt":"2018-10-31T10:19:08","guid":{"rendered":"http:\/\/wp.magnium-themes.com\/saxon\/saxon-10\/?page_id=289"},"modified":"2023-04-12T00:53:49","modified_gmt":"2023-04-11T22:53:49","slug":"about-saxon","status":"publish","type":"page","link":"https:\/\/amis-web.com\/index.php\/about-saxon\/","title":{"rendered":"Qui Sommes-nous ?"},"content":{"rendered":"\n<div class=\"wp-block-columns has-2-columns is-layout-flex wp-container-core-columns-is-layout-1 wp-block-columns-is-layout-flex\">\n<div class=\"wp-block-column is-layout-flow wp-block-column-is-layout-flow\">\n<p>Bienvenue sur Amis web d\u00e9di\u00e9 \u00e0 l&#8217;\u00e9ducation et \u00e0 l&#8217;information ! Ici, vous trouverez une vari\u00e9t\u00e9 d&#8217;articles couvrant tous les sujets allant de l&#8217;apprentissage en ligne \u00e0 la mani\u00e8re de r\u00e9ussir ses \u00e9tudes, en passant par les derni\u00e8res tendances et les nouvelles technologies.<\/p>\n\n\n\n<p>Nous pensons que l&#8217;\u00e9ducation est la cl\u00e9 de l&#8217;avenir et que tout le monde devrait avoir acc\u00e8s \u00e0 des informations de qualit\u00e9. C&#8217;est pourquoi notre blog se concentre sur l&#8217;\u00e9ducation et l&#8217;information, afin d&#8217;aider les gens \u00e0 s&#8217;instruire et \u00e0 se d\u00e9velopper tout au long de leur vie.<\/p>\n\n\n\n<p><\/p>\n<\/div>\n\n\n\n<div class=\"wp-block-column is-layout-flow wp-block-column-is-layout-flow\">\n<p>Notre \u00e9quipe d&#8217;auteurs exp\u00e9riment\u00e9s apporte une expertise dans diff\u00e9rents domaines, de la psychologie de l&#8217;apprentissage \u00e0 l&#8217;enseignement en ligne, en passant par les sciences de l&#8217;\u00e9ducation. Nous sommes passionn\u00e9s par l&#8217;apprentissage et nous sommes convaincus que nous pouvons tous apprendre et grandir ensemble.<\/p>\n\n\n\n<p>Nous publions r\u00e9guli\u00e8rement de nouveaux articles pour vous aider \u00e0 apprendre de nouvelles comp\u00e9tences, \u00e0 d\u00e9couvrir des sujets passionnants et \u00e0 am\u00e9liorer votre vie. Nous esp\u00e9rons que vous appr\u00e9cierez notre blog et que vous le recommanderez \u00e0 vos amis et \u00e0 votre famille. Merci de nous lire !<\/p>\n<\/div>\n<\/div>\n\n\n\n<hr class=\"wp-block-separator has-css-opacity\"\/>\n\n\n\n<h2 class=\"wp-block-heading has-text-align-center\">Fond\u00e9e en aout 2022<\/h2>\n\n\n\n<hr class=\"wp-block-separator has-css-opacity\"\/>\n\n\n\n<p class=\"has-text-align-center\"><\/p>\n","protected":false},"excerpt":{"rendered":"<p>Bienvenue sur Amis web d\u00e9di\u00e9 \u00e0 l&#8217;\u00e9ducation et \u00e0 l&#8217;information ! Ici, vous trouverez une vari\u00e9t\u00e9 d&#8217;articles couvrant tous les sujets allant de l&#8217;apprentissage en ligne \u00e0 la mani\u00e8re de r\u00e9ussir ses \u00e9tudes, en passant&#8230;<\/p>\n","protected":false},"author":1,"featured_media":0,"parent":0,"menu_order":0,"comment_status":"closed","ping_status":"closed","template":"","meta":{"footnotes":""},"class_list":["post-289","page","type-page","status-publish","hentry"],"yoast_head":"<!-- This site is optimized with the Yoast SEO Premium plugin v20.1 (Yoast SEO v20.1) - https:\/\/yoast.com\/wordpress\/plugins\/seo\/ -->\n<title>Qui Sommes-nous ? - Amis du web<\/title>\n<meta name=\"robots\" content=\"index, follow, max-snippet:-1, max-image-preview:large, max-video-preview:-1\" \/>\n<link rel=\"canonical\" href=\"https:\/\/amis-web.com\/index.php\/about-saxon\/\" \/>\n<meta property=\"og:locale\" content=\"en_US\" \/>\n<meta property=\"og:type\" content=\"article\" \/>\n<meta property=\"og:title\" content=\"Qui Sommes-nous ?\" \/>\n<meta property=\"og:description\" content=\"Bienvenue sur Amis web d\u00e9di\u00e9 \u00e0 l&#8217;\u00e9ducation et \u00e0 l&#8217;information ! Ici, vous trouverez une vari\u00e9t\u00e9 d&#8217;articles couvrant tous les sujets allant de l&#8217;apprentissage en ligne \u00e0 la mani\u00e8re de r\u00e9ussir ses \u00e9tudes, en passant...\" \/>\n<meta property=\"og:url\" content=\"https:\/\/amis-web.com\/index.php\/about-saxon\/\" \/>\n<meta property=\"og:site_name\" content=\"Amis du web\" \/>\n<meta property=\"article:modified_time\" content=\"2023-04-11T22:53:49+00:00\" \/>\n<meta name=\"twitter:card\" content=\"summary_large_image\" \/>\n<meta name=\"twitter:label1\" content=\"Est. reading time\" \/>\n\t<meta name=\"twitter:data1\" content=\"1 minute\" \/>\n<script type=\"application\/ld+json\" class=\"yoast-schema-graph\">{\"@context\":\"https:\/\/schema.org\",\"@graph\":[{\"@type\":\"WebPage\",\"@id\":\"https:\/\/amis-web.com\/index.php\/about-saxon\/\",\"url\":\"https:\/\/amis-web.com\/index.php\/about-saxon\/\",\"name\":\"Qui Sommes-nous ? - Amis du web\",\"isPartOf\":{\"@id\":\"https:\/\/amis-web.com\/#website\"},\"datePublished\":\"2018-10-31T10:19:08+00:00\",\"dateModified\":\"2023-04-11T22:53:49+00:00\",\"breadcrumb\":{\"@id\":\"https:\/\/amis-web.com\/index.php\/about-saxon\/#breadcrumb\"},\"inLanguage\":\"en-US\",\"potentialAction\":[{\"@type\":\"ReadAction\",\"target\":[\"https:\/\/amis-web.com\/index.php\/about-saxon\/\"]}]},{\"@type\":\"BreadcrumbList\",\"@id\":\"https:\/\/amis-web.com\/index.php\/about-saxon\/#breadcrumb\",\"itemListElement\":[{\"@type\":\"ListItem\",\"position\":1,\"name\":\"Home\",\"item\":\"https:\/\/amis-web.com\/\"},{\"@type\":\"ListItem\",\"position\":2,\"name\":\"Qui Sommes-nous ?\"}]},{\"@type\":\"WebSite\",\"@id\":\"https:\/\/amis-web.com\/#website\",\"url\":\"https:\/\/amis-web.com\/\",\"name\":\"Amis du web\",\"description\":\"\",\"publisher\":{\"@id\":\"https:\/\/amis-web.com\/#organization\"},\"alternateName\":\"Amis Web\",\"potentialAction\":[{\"@type\":\"SearchAction\",\"target\":{\"@type\":\"EntryPoint\",\"urlTemplate\":\"https:\/\/amis-web.com\/?s={search_term_string}\"},\"query-input\":\"required name=search_term_string\"}],\"inLanguage\":\"en-US\"},{\"@type\":\"Organization\",\"@id\":\"https:\/\/amis-web.com\/#organization\",\"name\":\"Amis web\",\"alternateName\":\"Amis du web\",\"url\":\"https:\/\/amis-web.com\/\",\"logo\":{\"@type\":\"ImageObject\",\"inLanguage\":\"en-US\",\"@id\":\"https:\/\/amis-web.com\/#\/schema\/logo\/image\/\",\"url\":\"https:\/\/amis-web.com\/wp-content\/uploads\/2023\/04\/logo.png\",\"contentUrl\":\"https:\/\/amis-web.com\/wp-content\/uploads\/2023\/04\/logo.png\",\"width\":256,\"height\":66,\"caption\":\"Amis web\"},\"image\":{\"@id\":\"https:\/\/amis-web.com\/#\/schema\/logo\/image\/\"}}]}<\/script>\n<!-- \/ Yoast SEO Premium plugin. -->","yoast_head_json":{"title":"Qui Sommes-nous ? - Amis du web","robots":{"index":"index","follow":"follow","max-snippet":"max-snippet:-1","max-image-preview":"max-image-preview:large","max-video-preview":"max-video-preview:-1"},"canonical":"https:\/\/amis-web.com\/index.php\/about-saxon\/","og_locale":"en_US","og_type":"article","og_title":"Qui Sommes-nous ?","og_description":"Bienvenue sur Amis web d\u00e9di\u00e9 \u00e0 l&#8217;\u00e9ducation et \u00e0 l&#8217;information ! Ici, vous trouverez une vari\u00e9t\u00e9 d&#8217;articles couvrant tous les sujets allant de l&#8217;apprentissage en ligne \u00e0 la mani\u00e8re de r\u00e9ussir ses \u00e9tudes, en passant...","og_url":"https:\/\/amis-web.com\/index.php\/about-saxon\/","og_site_name":"Amis du web","article_modified_time":"2023-04-11T22:53:49+00:00","twitter_card":"summary_large_image","twitter_misc":{"Est. reading time":"1 minute"},"schema":{"@context":"https:\/\/schema.org","@graph":[{"@type":"WebPage","@id":"https:\/\/amis-web.com\/index.php\/about-saxon\/","url":"https:\/\/amis-web.com\/index.php\/about-saxon\/","name":"Qui Sommes-nous ? - Amis du web","isPartOf":{"@id":"https:\/\/amis-web.com\/#website"},"datePublished":"2018-10-31T10:19:08+00:00","dateModified":"2023-04-11T22:53:49+00:00","breadcrumb":{"@id":"https:\/\/amis-web.com\/index.php\/about-saxon\/#breadcrumb"},"inLanguage":"en-US","potentialAction":[{"@type":"ReadAction","target":["https:\/\/amis-web.com\/index.php\/about-saxon\/"]}]},{"@type":"BreadcrumbList","@id":"https:\/\/amis-web.com\/index.php\/about-saxon\/#breadcrumb","itemListElement":[{"@type":"ListItem","position":1,"name":"Home","item":"https:\/\/amis-web.com\/"},{"@type":"ListItem","position":2,"name":"Qui Sommes-nous ?"}]},{"@type":"WebSite","@id":"https:\/\/amis-web.com\/#website","url":"https:\/\/amis-web.com\/","name":"Amis du web","description":"","publisher":{"@id":"https:\/\/amis-web.com\/#organization"},"alternateName":"Amis Web","potentialAction":[{"@type":"SearchAction","target":{"@type":"EntryPoint","urlTemplate":"https:\/\/amis-web.com\/?s={search_term_string}"},"query-input":"required name=search_term_string"}],"inLanguage":"en-US"},{"@type":"Organization","@id":"https:\/\/amis-web.com\/#organization","name":"Amis web","alternateName":"Amis du web","url":"https:\/\/amis-web.com\/","logo":{"@type":"ImageObject","inLanguage":"en-US","@id":"https:\/\/amis-web.com\/#\/schema\/logo\/image\/","url":"https:\/\/amis-web.com\/wp-content\/uploads\/2023\/04\/logo.png","contentUrl":"https:\/\/amis-web.com\/wp-content\/uploads\/2023\/04\/logo.png","width":256,"height":66,"caption":"Amis web"},"image":{"@id":"https:\/\/amis-web.com\/#\/schema\/logo\/image\/"}}]}},"amp_enabled":true,"_links":{"self":[{"href":"https:\/\/amis-web.com\/index.php\/wp-json\/wp\/v2\/pages\/289","targetHints":{"allow":["GET"]}}],"collection":[{"href":"https:\/\/amis-web.com\/index.php\/wp-json\/wp\/v2\/pages"}],"about":[{"href":"https:\/\/amis-web.com\/index.php\/wp-json\/wp\/v2\/types\/page"}],"author":[{"embeddable":true,"href":"https:\/\/amis-web.com\/index.php\/wp-json\/wp\/v2\/users\/1"}],"replies":[{"embeddable":true,"href":"https:\/\/amis-web.com\/index.php\/wp-json\/wp\/v2\/comments?post=289"}],"version-history":[{"count":1,"href":"https:\/\/amis-web.com\/index.php\/wp-json\/wp\/v2\/pages\/289\/revisions"}],"predecessor-version":[{"id":879,"href":"https:\/\/amis-web.com\/index.php\/wp-json\/wp\/v2\/pages\/289\/revisions\/879"}],"wp:attachment":[{"href":"https:\/\/amis-web.com\/index.php\/wp-json\/wp\/v2\/media?parent=289"}],"curies":[{"name":"wp","href":"https:\/\/api.w.org\/{rel}","templated":true}]}}